{"id":15,"date":"2019-08-02T10:29:37","date_gmt":"2019-08-02T08:29:37","guid":{"rendered":"https:\/\/donkeys.co\/?page_id=15"},"modified":"2025-09-23T11:43:24","modified_gmt":"2025-09-23T09:43:24","slug":"creatie","status":"publish","type":"page","link":"https:\/\/donkeys.co\/nl\/diensten\/creatie\/","title":{"rendered":"Creatie"},"content":{"rendered":"","protected":false},"excerpt":{"rendered":"","protected":false},"author":1,"featured_media":0,"parent":11,"menu_order":2,"comment_status":"closed","ping_status":"closed","template":"","meta":{"_acf_changed":false,"footnotes":""},"class_list":["post-15","page","type-page","status-publish","hentry"],"acf":[],"yoast_head":"<!-- This site is optimized with the Yoast SEO plugin v27.4 - https:\/\/yoast.com\/product\/yoast-seo-wordpress\/ -->\n<title>Creatie | Donkeys &amp; Co. | Cre\u00eber impact voor jouw bedrijf<\/title>\n<meta name=\"description\" content=\"Van ge\u00efnspireerd idee tot volwaardig eindproduct. Wij cre\u00ebren stijlen, producten en beelden met impact die passen bij jouw bedrijf.\" \/>\n<meta name=\"robots\" content=\"index, follow, max-snippet:-1, max-image-preview:large, max-video-preview:-1\" \/>\n<link rel=\"canonical\" href=\"https:\/\/donkeys.co\/nl\/diensten\/creatie\/\" \/>\n<meta property=\"og:locale\" content=\"nl_NL\" \/>\n<meta property=\"og:type\" content=\"article\" \/>\n<meta property=\"og:title\" content=\"Creatie | Donkeys &amp; Co. | Cre\u00eber impact voor jouw bedrijf\" \/>\n<meta property=\"og:description\" content=\"Van ge\u00efnspireerd idee tot volwaardig eindproduct. Wij cre\u00ebren stijlen, producten en beelden met impact die passen bij jouw bedrijf.\" \/>\n<meta property=\"og:url\" content=\"https:\/\/donkeys.co\/nl\/diensten\/creatie\/\" \/>\n<meta property=\"og:site_name\" content=\"Donkeys &amp; Co.\" \/>\n<meta property=\"article:modified_time\" content=\"2025-09-23T09:43:24+00:00\" \/>\n<meta name=\"twitter:card\" content=\"summary_large_image\" \/>\n<meta name=\"twitter:label1\" content=\"Geschatte leestijd\" \/>\n\t<meta name=\"twitter:data1\" content=\"2 minuten\" \/>\n<script type=\"application\/ld+json\" class=\"yoast-schema-graph\">{\"@context\":\"https:\\\/\\\/schema.org\",\"@graph\":[{\"@type\":\"WebPage\",\"@id\":\"https:\\\/\\\/donkeys.co\\\/nl\\\/diensten\\\/creatie\\\/\",\"url\":\"https:\\\/\\\/donkeys.co\\\/nl\\\/diensten\\\/creatie\\\/\",\"name\":\"Creatie | Donkeys & Co. | Cre\u00eber impact voor jouw bedrijf\",\"isPartOf\":{\"@id\":\"https:\\\/\\\/donkeys.co\\\/nl\\\/#website\"},\"datePublished\":\"2019-08-02T08:29:37+00:00\",\"dateModified\":\"2025-09-23T09:43:24+00:00\",\"description\":\"Van ge\u00efnspireerd idee tot volwaardig eindproduct. Wij cre\u00ebren stijlen, producten en beelden met impact die passen bij jouw bedrijf.\",\"breadcrumb\":{\"@id\":\"https:\\\/\\\/donkeys.co\\\/nl\\\/diensten\\\/creatie\\\/#breadcrumb\"},\"inLanguage\":\"nl-NL\",\"potentialAction\":[{\"@type\":\"ReadAction\",\"target\":[\"https:\\\/\\\/donkeys.co\\\/nl\\\/diensten\\\/creatie\\\/\"]}]},{\"@type\":\"BreadcrumbList\",\"@id\":\"https:\\\/\\\/donkeys.co\\\/nl\\\/diensten\\\/creatie\\\/#breadcrumb\",\"itemListElement\":[{\"@type\":\"ListItem\",\"position\":1,\"name\":\"Home\",\"item\":\"https:\\\/\\\/donkeys.co\\\/nl\\\/\"},{\"@type\":\"ListItem\",\"position\":2,\"name\":\"Diensten\",\"item\":\"https:\\\/\\\/donkeys.co\\\/nl\\\/diensten\\\/\"},{\"@type\":\"ListItem\",\"position\":3,\"name\":\"Creatie\"}]},{\"@type\":\"WebSite\",\"@id\":\"https:\\\/\\\/donkeys.co\\\/nl\\\/#website\",\"url\":\"https:\\\/\\\/donkeys.co\\\/nl\\\/\",\"name\":\"Donkeys &amp; Co.\",\"description\":\"A digital agency that carries\\u2028your online business forward.\",\"potentialAction\":[{\"@type\":\"SearchAction\",\"target\":{\"@type\":\"EntryPoint\",\"urlTemplate\":\"https:\\\/\\\/donkeys.co\\\/nl\\\/?s={search_term_string}\"},\"query-input\":{\"@type\":\"PropertyValueSpecification\",\"valueRequired\":true,\"valueName\":\"search_term_string\"}}],\"inLanguage\":\"nl-NL\"}]}<\/script>\n<!-- \/ Yoast SEO plugin. -->","yoast_head_json":{"title":"Creatie | Donkeys & Co. | Cre\u00eber impact voor jouw bedrijf","description":"Van ge\u00efnspireerd idee tot volwaardig eindproduct. Wij cre\u00ebren stijlen, producten en beelden met impact die passen bij jouw bedrijf.","robots":{"index":"index","follow":"follow","max-snippet":"max-snippet:-1","max-image-preview":"max-image-preview:large","max-video-preview":"max-video-preview:-1"},"canonical":"https:\/\/donkeys.co\/nl\/diensten\/creatie\/","og_locale":"nl_NL","og_type":"article","og_title":"Creatie | Donkeys & Co. | Cre\u00eber impact voor jouw bedrijf","og_description":"Van ge\u00efnspireerd idee tot volwaardig eindproduct. Wij cre\u00ebren stijlen, producten en beelden met impact die passen bij jouw bedrijf.","og_url":"https:\/\/donkeys.co\/nl\/diensten\/creatie\/","og_site_name":"Donkeys &amp; Co.","article_modified_time":"2025-09-23T09:43:24+00:00","twitter_card":"summary_large_image","twitter_misc":{"Geschatte leestijd":"2 minuten"},"schema":{"@context":"https:\/\/schema.org","@graph":[{"@type":"WebPage","@id":"https:\/\/donkeys.co\/nl\/diensten\/creatie\/","url":"https:\/\/donkeys.co\/nl\/diensten\/creatie\/","name":"Creatie | Donkeys & Co. | Cre\u00eber impact voor jouw bedrijf","isPartOf":{"@id":"https:\/\/donkeys.co\/nl\/#website"},"datePublished":"2019-08-02T08:29:37+00:00","dateModified":"2025-09-23T09:43:24+00:00","description":"Van ge\u00efnspireerd idee tot volwaardig eindproduct. Wij cre\u00ebren stijlen, producten en beelden met impact die passen bij jouw bedrijf.","breadcrumb":{"@id":"https:\/\/donkeys.co\/nl\/diensten\/creatie\/#breadcrumb"},"inLanguage":"nl-NL","potentialAction":[{"@type":"ReadAction","target":["https:\/\/donkeys.co\/nl\/diensten\/creatie\/"]}]},{"@type":"BreadcrumbList","@id":"https:\/\/donkeys.co\/nl\/diensten\/creatie\/#breadcrumb","itemListElement":[{"@type":"ListItem","position":1,"name":"Home","item":"https:\/\/donkeys.co\/nl\/"},{"@type":"ListItem","position":2,"name":"Diensten","item":"https:\/\/donkeys.co\/nl\/diensten\/"},{"@type":"ListItem","position":3,"name":"Creatie"}]},{"@type":"WebSite","@id":"https:\/\/donkeys.co\/nl\/#website","url":"https:\/\/donkeys.co\/nl\/","name":"Donkeys &amp; Co.","description":"A digital agency that carries\u2028your online business forward.","potentialAction":[{"@type":"SearchAction","target":{"@type":"EntryPoint","urlTemplate":"https:\/\/donkeys.co\/nl\/?s={search_term_string}"},"query-input":{"@type":"PropertyValueSpecification","valueRequired":true,"valueName":"search_term_string"}}],"inLanguage":"nl-NL"}]}},"_links":{"self":[{"href":"https:\/\/donkeys.co\/nl\/wp-json\/wp\/v2\/pages\/15","targetHints":{"allow":["GET"]}}],"collection":[{"href":"https:\/\/donkeys.co\/nl\/wp-json\/wp\/v2\/pages"}],"about":[{"href":"https:\/\/donkeys.co\/nl\/wp-json\/wp\/v2\/types\/page"}],"author":[{"embeddable":true,"href":"https:\/\/donkeys.co\/nl\/wp-json\/wp\/v2\/users\/1"}],"replies":[{"embeddable":true,"href":"https:\/\/donkeys.co\/nl\/wp-json\/wp\/v2\/comments?post=15"}],"version-history":[{"count":39,"href":"https:\/\/donkeys.co\/nl\/wp-json\/wp\/v2\/pages\/15\/revisions"}],"predecessor-version":[{"id":4422,"href":"https:\/\/donkeys.co\/nl\/wp-json\/wp\/v2\/pages\/15\/revisions\/4422"}],"up":[{"embeddable":true,"href":"https:\/\/donkeys.co\/nl\/wp-json\/wp\/v2\/pages\/11"}],"wp:attachment":[{"href":"https:\/\/donkeys.co\/nl\/wp-json\/wp\/v2\/media?parent=15"}],"curies":[{"name":"wp","href":"https:\/\/api.w.org\/{rel}","templated":true}]}}